{"id":3680,"date":"2020-09-09T13:00:35","date_gmt":"2020-09-09T13:00:35","guid":{"rendered":"https:\/\/zermatt.qodeinteractive.com\/?page_id=3680"},"modified":"2022-11-10T08:30:46","modified_gmt":"2022-11-10T08:30:46","slug":"publicidade-digitalmarketing-websites-mocambique-angola-portugal-contactos","status":"publish","type":"page","link":"https:\/\/maninguenicebrand.com\/pt-pt\/publicidade-digitalmarketing-websites-mocambique-angola-portugal-contactos\/","title":{"rendered":"Contactos"},"content":{"rendered":"\t\t<div data-elementor-type=\"wp-page\" data-elementor-id=\"3680\" class=\"elementor elementor-3680\">\n\t\t\t\t\t\t\t\t\t<section class=\"elementor-section elementor-top-section elementor-element elementor-element-9017249 elementor-section-full_width elementor-section-height-full elementor-section-content-middle elementor-section-height-default elementor-section-items-middle qodef-elementor-content-no qodef-elementor-stretch-row-no qodef-elementor-overlay-no\" data-id=\"9017249\" data-element_type=\"section\">\n\t\t\t\t\t\t<div class=\"elementor-container elementor-column-gap-default\">\n\t\t\t\t\t<div class=\"elementor-column elementor-col-50 elementor-top-column elementor-element elementor-element-6f51f79\" data-id=\"6f51f79\" data-element_type=\"column\">\n\t\t\t<div class=\"elementor-widget-wrap elementor-element-populated\">\n\t\t\t\t\t\t\t\t<div class=\"elementor-element elementor-element-be7a088 elementor-widget elementor-widget-zermatt_core_section_title\" data-id=\"be7a088\" data-element_type=\"widget\" data-widget_type=\"zermatt_core_section_title.default\">\n\t\t\t\t<div class=\"elementor-widget-container\">\n\t\t\t<div class=\"qodef-shortcode qodef-m  qodef-section-title qodef-alignment--left qodef-title-break--disabled\">\n\t\t\t<h1 class=\"qodef-m-title\" >\n\t\t\t\t\tGostar\u00edamos de trabalhar consigo.<br \/>\t\t\t<\/h1>\n\t\t<\/div>\t\t<\/div>\n\t\t\t\t<\/div>\n\t\t\t\t<section class=\"elementor-section elementor-inner-section elementor-element elementor-element-9445416 elementor-section-boxed elementor-section-height-default elementor-section-height-default qodef-elementor-content-no qodef-elementor-stretch-row-no qodef-elementor-overlay-no\" data-id=\"9445416\" data-element_type=\"section\">\n\t\t\t\t\t\t<div class=\"elementor-container elementor-column-gap-default\">\n\t\t\t\t\t<div class=\"elementor-column elementor-col-50 elementor-inner-column elementor-element elementor-element-a352c48\" data-id=\"a352c48\" data-element_type=\"column\">\n\t\t\t<div class=\"elementor-widget-wrap elementor-element-populated\">\n\t\t\t\t\t\t\t\t<div class=\"elementor-element elementor-element-efcec6c elementor-widget elementor-widget-text-editor\" data-id=\"efcec6c\" data-element_type=\"widget\" data-widget_type=\"text-editor.default\">\n\t\t\t\t<div class=\"elementor-widget-container\">\n\t\t\t<style>\/*! elementor - v3.8.0 - 30-10-2022 *\/\n.elementor-widget-text-editor.elementor-drop-cap-view-stacked .elementor-drop-cap{background-color:#818a91;color:#fff}.elementor-widget-text-editor.elementor-drop-cap-view-framed .elementor-drop-cap{color:#818a91;border:3px solid;background-color:transparent}.elementor-widget-text-editor:not(.elementor-drop-cap-view-default) .elementor-drop-cap{margin-top:8px}.elementor-widget-text-editor:not(.elementor-drop-cap-view-default) .elementor-drop-cap-letter{width:1em;height:1em}.elementor-widget-text-editor .elementor-drop-cap{float:left;text-align:center;line-height:1;font-size:50px}.elementor-widget-text-editor .elementor-drop-cap-letter{display:inline-block}<\/style>\t\t\t\t<h5>Contacto Direto<\/h5>\t\t\t\t\t\t<\/div>\n\t\t\t\t<\/div>\n\t\t\t\t<div class=\"elementor-element elementor-element-5a36213 elementor-widget elementor-widget-text-editor\" data-id=\"5a36213\" data-element_type=\"widget\" data-widget_type=\"text-editor.default\">\n\t\t\t\t<div class=\"elementor-widget-container\">\n\t\t\t\t\t\t\t<p><a href=\"mailto:geral@maninguenicebrand.com\">geral@maninguenicebrand.com<\/a> <a href=\"callto:+258 84 725 2787\">+258 84 725 2787<\/a><br \/><a href=\"callto:+1 (786) 644-7778\">+1 (786) 644-7778<\/a><\/p>\t\t\t\t\t\t<\/div>\n\t\t\t\t<\/div>\n\t\t\t\t<div class=\"elementor-element elementor-element-cc9bfcf elementor-widget elementor-widget-text-editor\" data-id=\"cc9bfcf\" data-element_type=\"widget\" data-widget_type=\"text-editor.default\">\n\t\t\t\t<div class=\"elementor-widget-container\">\n\t\t\t\t\t\t\t\t\t\t\t\t\t<\/div>\n\t\t\t\t<\/div>\n\t\t\t\t\t<\/div>\n\t\t<\/div>\n\t\t\t\t<div class=\"elementor-column elementor-col-50 elementor-inner-column elementor-element elementor-element-0402257\" data-id=\"0402257\" data-element_type=\"column\">\n\t\t\t<div class=\"elementor-widget-wrap elementor-element-populated\">\n\t\t\t\t\t\t\t\t<div class=\"elementor-element elementor-element-d6a7c6b elementor-widget elementor-widget-text-editor\" data-id=\"d6a7c6b\" data-element_type=\"widget\" data-widget_type=\"text-editor.default\">\n\t\t\t\t<div class=\"elementor-widget-container\">\n\t\t\t\t\t\t\t<h5>Hor\u00e1rio<\/h5>\t\t\t\t\t\t<\/div>\n\t\t\t\t<\/div>\n\t\t\t\t<div class=\"elementor-element elementor-element-1fc1db0 elementor-widget elementor-widget-text-editor\" data-id=\"1fc1db0\" data-element_type=\"widget\" data-widget_type=\"text-editor.default\">\n\t\t\t\t<div class=\"elementor-widget-container\">\n\t\t\t\t\t\t\t\t\t\t\t\t\t<\/div>\n\t\t\t\t<\/div>\n\t\t\t\t<div class=\"elementor-element elementor-element-49a06f3 elementor-widget elementor-widget-text-editor\" data-id=\"49a06f3\" data-element_type=\"widget\" data-widget_type=\"text-editor.default\">\n\t\t\t\t<div class=\"elementor-widget-container\">\n\t\t\t\t\t\t\t<p>2\u00aa a 6\u00aa &#8211; 9h &#8211; 5h<\/p>\t\t\t\t\t\t<\/div>\n\t\t\t\t<\/div>\n\t\t\t\t<div class=\"elementor-element elementor-element-9427948 elementor-widget elementor-widget-text-editor\" data-id=\"9427948\" data-element_type=\"widget\" data-widget_type=\"text-editor.default\">\n\t\t\t\t<div class=\"elementor-widget-container\">\n\t\t\t\t\t\t\t\t\t\t\t\t\t<\/div>\n\t\t\t\t<\/div>\n\t\t\t\t\t<\/div>\n\t\t<\/div>\n\t\t\t\t\t\t\t<\/div>\n\t\t<\/section>\n\t\t\t\t<section class=\"elementor-section elementor-inner-section elementor-element elementor-element-c3ecfdb elementor-section-boxed elementor-section-height-default elementor-section-height-default qodef-elementor-content-no qodef-elementor-stretch-row-no qodef-elementor-overlay-no\" data-id=\"c3ecfdb\" data-element_type=\"section\">\n\t\t\t\t\t\t<div class=\"elementor-container elementor-column-gap-default\">\n\t\t\t\t\t<div class=\"elementor-column elementor-col-50 elementor-inner-column elementor-element elementor-element-cec9923\" data-id=\"cec9923\" data-element_type=\"column\">\n\t\t\t<div class=\"elementor-widget-wrap elementor-element-populated\">\n\t\t\t\t\t\t\t\t<div class=\"elementor-element elementor-element-868a711 elementor-widget elementor-widget-text-editor\" data-id=\"868a711\" data-element_type=\"widget\" data-widget_type=\"text-editor.default\">\n\t\t\t\t<div class=\"elementor-widget-container\">\n\t\t\t\t\t\t\t<h5>Localiza\u00e7\u00e3o<\/h5>\t\t\t\t\t\t<\/div>\n\t\t\t\t<\/div>\n\t\t\t\t<div class=\"elementor-element elementor-element-429c021 elementor-widget elementor-widget-text-editor\" data-id=\"429c021\" data-element_type=\"widget\" data-widget_type=\"text-editor.default\">\n\t\t\t\t<div class=\"elementor-widget-container\">\n\t\t\t\t\t\t\t<p>Miami &#8211; Fl\u00f3rida &#8211; USA<br \/>Maputo &#8211; Mo\u00e7ambique<\/p>\t\t\t\t\t\t<\/div>\n\t\t\t\t<\/div>\n\t\t\t\t<div class=\"elementor-element elementor-element-c5530a0 elementor-widget elementor-widget-text-editor\" data-id=\"c5530a0\" data-element_type=\"widget\" data-widget_type=\"text-editor.default\">\n\t\t\t\t<div class=\"elementor-widget-container\">\n\t\t\t\t\t\t\t\t\t\t\t\t\t<\/div>\n\t\t\t\t<\/div>\n\t\t\t\t\t<\/div>\n\t\t<\/div>\n\t\t\t\t<div class=\"elementor-column elementor-col-50 elementor-inner-column elementor-element elementor-element-ea3b44d\" data-id=\"ea3b44d\" data-element_type=\"column\">\n\t\t\t<div class=\"elementor-widget-wrap elementor-element-populated\">\n\t\t\t\t\t\t\t\t<div class=\"elementor-element elementor-element-0f15e5a elementor-widget elementor-widget-text-editor\" data-id=\"0f15e5a\" data-element_type=\"widget\" data-widget_type=\"text-editor.default\">\n\t\t\t\t<div class=\"elementor-widget-container\">\n\t\t\t\t\t\t\t\t\t\t\t\t\t<\/div>\n\t\t\t\t<\/div>\n\t\t\t\t<div class=\"elementor-element elementor-element-0e62a56 elementor-widget elementor-widget-wp-widget-zermatt_core_button\" data-id=\"0e62a56\" data-element_type=\"widget\" data-widget_type=\"wp-widget-zermatt_core_button.default\">\n\t\t\t\t<div class=\"elementor-widget-container\">\n\t\t\t<a class=\"qodef-shortcode qodef-m indexTop qodef-button qodef-layout--filled qodef-size--large qodef-html--link qodef-text-hover\" href=\"mailto:geral@maninguenicebrand.com\" target=\"_blank\" data-hover-color=\"#004622\" data-hover-background-color=\"#ffffff\" data-hover-border-color=\"#004622\" style=\"background-color: #004622\">\n\t\t\t<span class=\"qodef-m-text-holder\">\n\t\t\t<span class=\"qodef-m-text\">Pedir Cota\u00e7\u00e3o<\/span>\n\t\t\t<span class=\"qodef-m-text\">Pedir Cota\u00e7\u00e3o<\/span>\n\t\t<\/span>\n\t<\/a>\t\t<\/div>\n\t\t\t\t<\/div>\n\t\t\t\t\t<\/div>\n\t\t<\/div>\n\t\t\t\t\t\t\t<\/div>\n\t\t<\/section>\n\t\t\t\t\t<\/div>\n\t\t<\/div>\n\t\t\t\t<div class=\"elementor-column elementor-col-50 elementor-top-column elementor-element elementor-element-559d991 elementor-hidden-tablet\" data-id=\"559d991\" data-element_type=\"column\">\n\t\t\t<div class=\"elementor-widget-wrap elementor-element-populated\">\n\t\t\t\t\t\t\t\t<div class=\"elementor-element elementor-element-679ba80 myfilter elementor-widget elementor-widget-image\" data-id=\"679ba80\" data-element_type=\"widget\" data-widget_type=\"image.default\">\n\t\t\t\t<div class=\"elementor-widget-container\">\n\t\t\t<style>\/*! elementor - v3.8.0 - 30-10-2022 *\/\n.elementor-widget-image{text-align:center}.elementor-widget-image a{display:inline-block}.elementor-widget-image a img[src$=\".svg\"]{width:48px}.elementor-widget-image img{vertical-align:middle;display:inline-block}<\/style>\t\t\t\t\t\t\t\t\t\t\t\t<img loading=\"lazy\" decoding=\"async\" width=\"600\" height=\"600\" src=\"https:\/\/maninguenicebrand.com\/wp-content\/uploads\/2021\/10\/contactos-green.png\" class=\"attachment-large size-large\" alt=\"\" srcset=\"https:\/\/maninguenicebrand.com\/wp-content\/uploads\/2021\/10\/contactos-green.png 600w, https:\/\/maninguenicebrand.com\/wp-content\/uploads\/2021\/10\/contactos-green-300x300.png 300w, https:\/\/maninguenicebrand.com\/wp-content\/uploads\/2021\/10\/contactos-green-150x150.png 150w\" sizes=\"auto, (max-width: 600px) 100vw, 600px\" \/>\t\t\t\t\t\t\t\t\t\t\t\t\t\t\t<\/div>\n\t\t\t\t<\/div>\n\t\t\t\t\t<\/div>\n\t\t<\/div>\n\t\t\t\t\t\t\t<\/div>\n\t\t<\/section>\n\t\t\t\t\t\t\t<\/div>\n\t\t","protected":false},"excerpt":{"rendered":"<p>Gostar\u00edamos de trabalhar consigo. Contacto Direto geral@maninguenicebrand.com +258 84 725 2787+1 (786) 644-7778 Hor\u00e1rio 2\u00aa a 6\u00aa &#8211; 9h &#8211; 5h Localiza\u00e7\u00e3o Miami &#8211; Fl\u00f3rida &#8211; USAMaputo &#8211; Mo\u00e7ambique<\/p>\n","protected":false},"author":1,"featured_media":0,"parent":0,"menu_order":0,"comment_status":"closed","ping_status":"closed","template":"page-full-width.php","meta":{"_monsterinsights_skip_tracking":false,"_monsterinsights_sitenote_active":false,"_monsterinsights_sitenote_note":"","_monsterinsights_sitenote_category":0,"footnotes":""},"class_list":["post-3680","page","type-page","status-publish","hentry"],"yoast_head":"<!-- This site is optimized with the Yoast SEO plugin v24.6 - https:\/\/yoast.com\/wordpress\/plugins\/seo\/ -->\n<title>Contactos - Maningue Nice Brand<\/title>\n<meta name=\"description\" content=\"Contacte-nos. Gostar\u00edamos de trabalhar consigo.\" \/>\n<meta name=\"robots\" content=\"index, follow, max-snippet:-1, max-image-preview:large, max-video-preview:-1\" \/>\n<link rel=\"canonical\" href=\"https:\/\/maninguenicebrand.com\/pt-pt\/publicidade-digitalmarketing-websites-mocambique-angola-portugal-contactos\/\" \/>\n<meta property=\"og:locale\" content=\"pt_PT\" \/>\n<meta property=\"og:type\" content=\"article\" \/>\n<meta property=\"og:title\" content=\"Contactos - Maningue Nice Brand\" \/>\n<meta property=\"og:description\" content=\"Contacte-nos. Gostar\u00edamos de trabalhar consigo.\" \/>\n<meta property=\"og:url\" content=\"https:\/\/maninguenicebrand.com\/pt-pt\/publicidade-digitalmarketing-websites-mocambique-angola-portugal-contactos\/\" \/>\n<meta property=\"og:site_name\" content=\"Maningue Nice Brand\" \/>\n<meta property=\"article:modified_time\" content=\"2022-11-10T08:30:46+00:00\" \/>\n<meta property=\"og:image\" content=\"https:\/\/maninguenicebrand.com\/wp-content\/uploads\/2021\/10\/contactos-green.png\" \/>\n<meta name=\"twitter:card\" content=\"summary_large_image\" \/>\n<meta name=\"twitter:label1\" content=\"Tempo estimado de leitura\" \/>\n\t<meta name=\"twitter:data1\" content=\"1 minuto\" \/>\n<script type=\"application\/ld+json\" class=\"yoast-schema-graph\">{\"@context\":\"https:\/\/schema.org\",\"@graph\":[{\"@type\":\"WebPage\",\"@id\":\"https:\/\/maninguenicebrand.com\/pt-pt\/publicidade-digitalmarketing-websites-mocambique-angola-portugal-contactos\/\",\"url\":\"https:\/\/maninguenicebrand.com\/pt-pt\/publicidade-digitalmarketing-websites-mocambique-angola-portugal-contactos\/\",\"name\":\"Contactos - Maningue Nice Brand\",\"isPartOf\":{\"@id\":\"https:\/\/maninguenicebrand.com\/#website\"},\"primaryImageOfPage\":{\"@id\":\"https:\/\/maninguenicebrand.com\/pt-pt\/publicidade-digitalmarketing-websites-mocambique-angola-portugal-contactos\/#primaryimage\"},\"image\":{\"@id\":\"https:\/\/maninguenicebrand.com\/pt-pt\/publicidade-digitalmarketing-websites-mocambique-angola-portugal-contactos\/#primaryimage\"},\"thumbnailUrl\":\"https:\/\/maninguenicebrand.com\/wp-content\/uploads\/2021\/10\/contactos-green.png\",\"datePublished\":\"2020-09-09T13:00:35+00:00\",\"dateModified\":\"2022-11-10T08:30:46+00:00\",\"description\":\"Contacte-nos. Gostar\u00edamos de trabalhar consigo.\",\"breadcrumb\":{\"@id\":\"https:\/\/maninguenicebrand.com\/pt-pt\/publicidade-digitalmarketing-websites-mocambique-angola-portugal-contactos\/#breadcrumb\"},\"inLanguage\":\"pt-PT\",\"potentialAction\":[{\"@type\":\"ReadAction\",\"target\":[\"https:\/\/maninguenicebrand.com\/pt-pt\/publicidade-digitalmarketing-websites-mocambique-angola-portugal-contactos\/\"]}]},{\"@type\":\"ImageObject\",\"inLanguage\":\"pt-PT\",\"@id\":\"https:\/\/maninguenicebrand.com\/pt-pt\/publicidade-digitalmarketing-websites-mocambique-angola-portugal-contactos\/#primaryimage\",\"url\":\"https:\/\/maninguenicebrand.com\/wp-content\/uploads\/2021\/10\/contactos-green.png\",\"contentUrl\":\"https:\/\/maninguenicebrand.com\/wp-content\/uploads\/2021\/10\/contactos-green.png\"},{\"@type\":\"BreadcrumbList\",\"@id\":\"https:\/\/maninguenicebrand.com\/pt-pt\/publicidade-digitalmarketing-websites-mocambique-angola-portugal-contactos\/#breadcrumb\",\"itemListElement\":[{\"@type\":\"ListItem\",\"position\":1,\"name\":\"In\u00edcio\",\"item\":\"https:\/\/maninguenicebrand.com\/pt-pt\/\"},{\"@type\":\"ListItem\",\"position\":2,\"name\":\"Contactos\"}]},{\"@type\":\"WebSite\",\"@id\":\"https:\/\/maninguenicebrand.com\/#website\",\"url\":\"https:\/\/maninguenicebrand.com\/\",\"name\":\"Maningue Nice Brand\",\"description\":\"Mais um site WordPress\",\"publisher\":{\"@id\":\"https:\/\/maninguenicebrand.com\/#organization\"},\"potentialAction\":[{\"@type\":\"SearchAction\",\"target\":{\"@type\":\"EntryPoint\",\"urlTemplate\":\"https:\/\/maninguenicebrand.com\/?s={search_term_string}\"},\"query-input\":{\"@type\":\"PropertyValueSpecification\",\"valueRequired\":true,\"valueName\":\"search_term_string\"}}],\"inLanguage\":\"pt-PT\"},{\"@type\":\"Organization\",\"@id\":\"https:\/\/maninguenicebrand.com\/#organization\",\"name\":\"Maningue Nice Brand\",\"url\":\"https:\/\/maninguenicebrand.com\/\",\"logo\":{\"@type\":\"ImageObject\",\"inLanguage\":\"pt-PT\",\"@id\":\"https:\/\/maninguenicebrand.com\/#\/schema\/logo\/image\/\",\"url\":\"https:\/\/maninguenicebrand.com\/wp-content\/uploads\/2023\/12\/cropped-cropped-MNB-1.png\",\"contentUrl\":\"https:\/\/maninguenicebrand.com\/wp-content\/uploads\/2023\/12\/cropped-cropped-MNB-1.png\",\"width\":378,\"height\":137,\"caption\":\"Maningue Nice Brand\"},\"image\":{\"@id\":\"https:\/\/maninguenicebrand.com\/#\/schema\/logo\/image\/\"}}]}<\/script>\n<!-- \/ Yoast SEO plugin. -->","yoast_head_json":{"title":"Contactos - Maningue Nice Brand","description":"Contacte-nos. Gostar\u00edamos de trabalhar consigo.","robots":{"index":"index","follow":"follow","max-snippet":"max-snippet:-1","max-image-preview":"max-image-preview:large","max-video-preview":"max-video-preview:-1"},"canonical":"https:\/\/maninguenicebrand.com\/pt-pt\/publicidade-digitalmarketing-websites-mocambique-angola-portugal-contactos\/","og_locale":"pt_PT","og_type":"article","og_title":"Contactos - Maningue Nice Brand","og_description":"Contacte-nos. Gostar\u00edamos de trabalhar consigo.","og_url":"https:\/\/maninguenicebrand.com\/pt-pt\/publicidade-digitalmarketing-websites-mocambique-angola-portugal-contactos\/","og_site_name":"Maningue Nice Brand","article_modified_time":"2022-11-10T08:30:46+00:00","og_image":[{"url":"https:\/\/maninguenicebrand.com\/wp-content\/uploads\/2021\/10\/contactos-green.png","type":"","width":"","height":""}],"twitter_card":"summary_large_image","twitter_misc":{"Tempo estimado de leitura":"1 minuto"},"schema":{"@context":"https:\/\/schema.org","@graph":[{"@type":"WebPage","@id":"https:\/\/maninguenicebrand.com\/pt-pt\/publicidade-digitalmarketing-websites-mocambique-angola-portugal-contactos\/","url":"https:\/\/maninguenicebrand.com\/pt-pt\/publicidade-digitalmarketing-websites-mocambique-angola-portugal-contactos\/","name":"Contactos - Maningue Nice Brand","isPartOf":{"@id":"https:\/\/maninguenicebrand.com\/#website"},"primaryImageOfPage":{"@id":"https:\/\/maninguenicebrand.com\/pt-pt\/publicidade-digitalmarketing-websites-mocambique-angola-portugal-contactos\/#primaryimage"},"image":{"@id":"https:\/\/maninguenicebrand.com\/pt-pt\/publicidade-digitalmarketing-websites-mocambique-angola-portugal-contactos\/#primaryimage"},"thumbnailUrl":"https:\/\/maninguenicebrand.com\/wp-content\/uploads\/2021\/10\/contactos-green.png","datePublished":"2020-09-09T13:00:35+00:00","dateModified":"2022-11-10T08:30:46+00:00","description":"Contacte-nos. Gostar\u00edamos de trabalhar consigo.","breadcrumb":{"@id":"https:\/\/maninguenicebrand.com\/pt-pt\/publicidade-digitalmarketing-websites-mocambique-angola-portugal-contactos\/#breadcrumb"},"inLanguage":"pt-PT","potentialAction":[{"@type":"ReadAction","target":["https:\/\/maninguenicebrand.com\/pt-pt\/publicidade-digitalmarketing-websites-mocambique-angola-portugal-contactos\/"]}]},{"@type":"ImageObject","inLanguage":"pt-PT","@id":"https:\/\/maninguenicebrand.com\/pt-pt\/publicidade-digitalmarketing-websites-mocambique-angola-portugal-contactos\/#primaryimage","url":"https:\/\/maninguenicebrand.com\/wp-content\/uploads\/2021\/10\/contactos-green.png","contentUrl":"https:\/\/maninguenicebrand.com\/wp-content\/uploads\/2021\/10\/contactos-green.png"},{"@type":"BreadcrumbList","@id":"https:\/\/maninguenicebrand.com\/pt-pt\/publicidade-digitalmarketing-websites-mocambique-angola-portugal-contactos\/#breadcrumb","itemListElement":[{"@type":"ListItem","position":1,"name":"In\u00edcio","item":"https:\/\/maninguenicebrand.com\/pt-pt\/"},{"@type":"ListItem","position":2,"name":"Contactos"}]},{"@type":"WebSite","@id":"https:\/\/maninguenicebrand.com\/#website","url":"https:\/\/maninguenicebrand.com\/","name":"Maningue Nice Brand","description":"Mais um site WordPress","publisher":{"@id":"https:\/\/maninguenicebrand.com\/#organization"},"potentialAction":[{"@type":"SearchAction","target":{"@type":"EntryPoint","urlTemplate":"https:\/\/maninguenicebrand.com\/?s={search_term_string}"},"query-input":{"@type":"PropertyValueSpecification","valueRequired":true,"valueName":"search_term_string"}}],"inLanguage":"pt-PT"},{"@type":"Organization","@id":"https:\/\/maninguenicebrand.com\/#organization","name":"Maningue Nice Brand","url":"https:\/\/maninguenicebrand.com\/","logo":{"@type":"ImageObject","inLanguage":"pt-PT","@id":"https:\/\/maninguenicebrand.com\/#\/schema\/logo\/image\/","url":"https:\/\/maninguenicebrand.com\/wp-content\/uploads\/2023\/12\/cropped-cropped-MNB-1.png","contentUrl":"https:\/\/maninguenicebrand.com\/wp-content\/uploads\/2023\/12\/cropped-cropped-MNB-1.png","width":378,"height":137,"caption":"Maningue Nice Brand"},"image":{"@id":"https:\/\/maninguenicebrand.com\/#\/schema\/logo\/image\/"}}]}},"_links":{"self":[{"href":"https:\/\/maninguenicebrand.com\/pt-pt\/wp-json\/wp\/v2\/pages\/3680","targetHints":{"allow":["GET"]}}],"collection":[{"href":"https:\/\/maninguenicebrand.com\/pt-pt\/wp-json\/wp\/v2\/pages"}],"about":[{"href":"https:\/\/maninguenicebrand.com\/pt-pt\/wp-json\/wp\/v2\/types\/page"}],"author":[{"embeddable":true,"href":"https:\/\/maninguenicebrand.com\/pt-pt\/wp-json\/wp\/v2\/users\/1"}],"replies":[{"embeddable":true,"href":"https:\/\/maninguenicebrand.com\/pt-pt\/wp-json\/wp\/v2\/comments?post=3680"}],"version-history":[{"count":133,"href":"https:\/\/maninguenicebrand.com\/pt-pt\/wp-json\/wp\/v2\/pages\/3680\/revisions"}],"predecessor-version":[{"id":9745,"href":"https:\/\/maninguenicebrand.com\/pt-pt\/wp-json\/wp\/v2\/pages\/3680\/revisions\/9745"}],"wp:attachment":[{"href":"https:\/\/maninguenicebrand.com\/pt-pt\/wp-json\/wp\/v2\/media?parent=3680"}],"curies":[{"name":"wp","href":"https:\/\/api.w.org\/{rel}","templated":true}]}}